{"id":37,"date":"2020-10-19T20:29:27","date_gmt":"2020-10-19T18:29:27","guid":{"rendered":"https:\/\/topmymfans.com\/?page_id=37"},"modified":"2022-09-20T10:23:04","modified_gmt":"2022-09-20T08:23:04","slug":"comment-devenir-createurs","status":"publish","type":"page","link":"https:\/\/topyfans.com\/en\/comment-devenir-createurs\/","title":{"rendered":"How to become a Swamer and monetize my content!"},"content":{"rendered":"<div data-elementor-type=\"wp-page\" data-elementor-id=\"37\" class=\"elementor elementor-37\" data-elementor-post-type=\"page\">\n\t\t\t\t\t\t<section class=\"elementor-section elementor-top-section elementor-element elementor-element-e5cfd49 elementor-section-boxed elementor-section-height-default elementor-section-height-default\" data-id=\"e5cfd49\" data-element_type=\"section\" data-e-type=\"section\">\n\t\t\t\t\t\t\t<div class=\"elementor-background-overlay\"><\/div>\n\t\t\t\t\t\t\t<div class=\"elementor-container elementor-column-gap-default\">\n\t\t\t\t\t<div class=\"elementor-column elementor-col-100 elementor-top-column elementor-element elementor-element-393beee\" data-id=\"393beee\" data-element_type=\"column\" data-e-type=\"column\">\n\t\t\t<div class=\"elementor-widget-wrap elementor-element-populated\">\n\t\t\t\t\t\t<div class=\"elementor-element elementor-element-2f4c82d elementor-widget elementor-widget-spacer\" data-id=\"2f4c82d\" data-element_type=\"widget\" data-e-type=\"widget\" data-widget_type=\"spacer.default\">\n\t\t\t\t<div class=\"elementor-widget-container\">\n\t\t\t\t\t\t\t<div class=\"elementor-spacer\">\n\t\t\t<div class=\"elementor-spacer-inner\"><\/div>\n\t\t<\/div>\n\t\t\t\t\t\t<\/div>\n\t\t\t\t<\/div>\n\t\t\t\t<div class=\"elementor-element elementor-element-359d038 elementor-widget elementor-widget-spacer\" data-id=\"359d038\" data-element_type=\"widget\" data-e-type=\"widget\" data-widget_type=\"spacer.default\">\n\t\t\t\t<div class=\"elementor-widget-container\">\n\t\t\t\t\t\t\t<div class=\"elementor-spacer\">\n\t\t\t<div class=\"elementor-spacer-inner\"><\/div>\n\t\t<\/div>\n\t\t\t\t\t\t<\/div>\n\t\t\t\t<\/div>\n\t\t\t\t<div class=\"elementor-element elementor-element-549f662 elementor-widget elementor-widget-text-editor\" data-id=\"549f662\" data-element_type=\"widget\" data-e-type=\"widget\" data-widget_type=\"text-editor.default\">\n\t\t\t\t<div class=\"elementor-widget-container\">\n\t\t\t\t\t\t\t\t\t<p>Swame is a fairly new social network platform. It connects young people and adults over 18 years old who like to chat, share photos and videos, but also, to meet naughty people. The little extra with Swame is the possibility to make money in different ways. Indeed, Swame does not only allow you to meet new people, the site also offers the possibility to become a swamer and earn money with the contents that you share.<\/p>\t\t\t\t\t\t\t\t<\/div>\n\t\t\t\t<\/div>\n\t\t\t\t<div class=\"elementor-element elementor-element-1285bc3 elementor-align-center elementor-widget elementor-widget-button\" data-id=\"1285bc3\" data-element_type=\"widget\" data-e-type=\"widget\" data-widget_type=\"button.default\">\n\t\t\t\t<div class=\"elementor-widget-container\">\n\t\t\t\t\t\t\t\t\t<div class=\"elementor-button-wrapper\">\n\t\t\t\t\t<a class=\"elementor-button elementor-button-link elementor-size-md\" href=\"https:\/\/topyfans.com\/en\/go\/swame\/\" target=\"_blank\" rel=\"nofollow\">\n\t\t\t\t\t\t<span class=\"elementor-button-content-wrapper\">\n\t\t\t\t\t\t\t\t\t<span class=\"elementor-button-text\">Register on Swame<\/span>\n\t\t\t\t\t<\/span>\n\t\t\t\t\t<\/a>\n\t\t\t\t<\/div>\n\t\t\t\t\t\t\t\t<\/div>\n\t\t\t\t<\/div>\n\t\t\t\t\t<\/div>\n\t\t<\/div>\n\t\t\t\t\t<\/div>\n\t\t<\/section>\n\t\t\t\t<section class=\"elementor-section elementor-top-section elementor-element elementor-element-7238fd6b elementor-section-boxed elementor-section-height-default elementor-section-height-default\" data-id=\"7238fd6b\" data-element_type=\"section\" data-e-type=\"section\">\n\t\t\t\t\t\t\t<div class=\"elementor-background-overlay\"><\/div>\n\t\t\t\t\t\t\t<div class=\"elementor-container elementor-column-gap-default\">\n\t\t\t\t\t<div class=\"elementor-column elementor-col-100 elementor-top-column elementor-element elementor-element-143c195d\" data-id=\"143c195d\" data-element_type=\"column\" data-e-type=\"column\">\n\t\t\t<div class=\"elementor-widget-wrap elementor-element-populated\">\n\t\t\t\t\t\t<div class=\"elementor-element elementor-element-35c08a3 elementor-widget elementor-widget-spacer\" data-id=\"35c08a3\" data-element_type=\"widget\" data-e-type=\"widget\" data-widget_type=\"spacer.default\">\n\t\t\t\t<div class=\"elementor-widget-container\">\n\t\t\t\t\t\t\t<div class=\"elementor-spacer\">\n\t\t\t<div class=\"elementor-spacer-inner\"><\/div>\n\t\t<\/div>\n\t\t\t\t\t\t<\/div>\n\t\t\t\t<\/div>\n\t\t\t\t<div class=\"elementor-element elementor-element-62deb464 elementor-widget elementor-widget-text-editor\" data-id=\"62deb464\" data-element_type=\"widget\" data-e-type=\"widget\" data-widget_type=\"text-editor.default\">\n\t\t\t\t<div class=\"elementor-widget-container\">\n\t\t\t\t\t\t\t\t\t<h2 style=\"text-align: justify;\">Who can become a swamer on the Swame platform?<\/h2><p>Not everyone can join Swame and become a swamer. This social networking platform is strictly reserved for adults over 18 years old. However, when you respect this age limit, you can become a swamer whether you are a man or a woman, and whatever your sexual or religious inclination. You can also register on Swame whether you are an amateur or professional photographer and videographer.<\/p><p>You just have to respect the general conditions of the site and the various rules of the community.  Once on Swamer, everyone can publish photos and videos and hope to earn money with their productions.<\/p><p>However, to succeed in monetizing your photos and videos, you need to attract the maximum number of subscribers. And for this, the platform offers many tips to improve its visibility.<\/p><h2 style=\"text-align: justify;\">How can I get paid on Swame?<\/h2><p>The advantage of registering on Swame is that it is possible to get paid in different ways.<\/p><p>Initially, when you become a smamer, you need to attract subscribers. Swamer allows these models to freely define the subscription rate and its duration. In other words, you can charge visitors to become subscribers on your Swame page. A subscription can last for a week or a month and cost between 2 \u20ac and 150 \u20ac.<\/p><p>Then, there is the sale of contents. Here again, a swamer is free to set the price of the photos or videos it puts on sale. It is even possible to offer \"sample\" photos to non-subscribing visitors. This offer is not found on other competing platforms.<\/p><p>And to make even more money, the swamer can sell personalized photos. This means that a subscriber has the possibility to make a specific request to the swamer. Of course, the swamer has the right to accept or not the request. Even if one can expose and sell nude photos on the site, it is not mandatory.<\/p><p>Another way to monetize your Swame page is to organize a private show. The Swame platform allows subscribers to make an appointment with the swamer to have a private show with him. The swamer also has the possibility to fix the price of this show according to the duration requested by the subscriber.<\/p><p>There are also the Lives on webcam that the swamer can sell to his subscribers to increase his income a little more. And finally, subscribers can give tips to swamers. There is no limit on the amount of these tips. Everyone is free to give what they think is right to encourage the swamer's work or to have some privileges in their eyes.<\/p><p>Just note that Swame uses the point system for payments on its platform. These points can then be exchanged for real money through the Straceo platform.<\/p><p>On the income of swamers, the Swame platform deducts 20 % of commission without tax. In other words, on the totality of its gain, a swamer will collect 80 %.<\/p><h2 style=\"text-align: justify;\">How to register on Swame?<\/h2><p>If you are interested in the Swame platform and want to become a swamer, you have to start by registering on the platform. This registration is completely free. However, you must use a browser that is compatible with the platform.<\/p><p>To register, simply go to Swame.com. A form is available to the visitor. He will have to enter the nickname he will use, his email address and the password he will use. Before being able to validate the registration, it is also necessary that he accepts the general conditions of sale of the platform.<\/p><p>Once the user is registered, he can create his page by completing his profile. He can add a photo, make a brief description of his person and publish free photos. It should be noted that the information he inserts in his profile will be accessible and visible by other users of the site. However, the user has the possibility to restrict access to his profile. In this case, a visitor must request access authorization from the account owner. The owner of the account has the right to accept or reject the access.<\/p><h3>What does it take to become a swamer?<\/h3><p>If a user gets at least one fan who subscribes to his account, he can request to become a swamer. To do so, he has to enter his personal account. Then he is invited to access the premium area. In this sub-area, he will be asked for some information and documents that he must provide.<\/p><p>The Swame platform will first ask for a copy of the ID card of the user who wants to become a swamer. Then, the user will have to take a picture of himself holding his ID card in hand. He must also hold a sign with the words \"Swame\", the date he took the picture and his nickname on Swame.<\/p><p>Once this information is provided online on Swame, the validation goes through the acceptance of the general conditions of sale of the platform. Once this is done, the user can click on the \"register\" button.<\/p><p>Once the registration request is validated by the platform, the user will be called swamer and will be able to sell his contents to other users. It should be noted that in the general conditions of sale of Swame, the platform informs that one of the reasons that could lead a request to be refused is the presence and publication of photomontage in the user's catalogs.<\/p><p>When the request is validated, the swamer can restrict access to his photos and videos. In this case, only subscribers (who have paid to become fans) can access his content. Simple visitors will only see blurred photos and videos. It is also possible for the swamer to blur only a part of the content he publishes. If this is the case, the photos and videos that are not accessible will be in \"private\" status. They can only be accessed by paying a fee, the price of which is set by the swamer.<\/p><p>Swame also allows the swamer to earn a badge in the form of a logo which means that he has gained a strong popularity and reputation on the platform. To do this, he must be regularly present on his Swame page and post content that interests his fans and visitors. He should also share his profile on other social network pages in order to gain the maximum number of fans who should subscribe to his account.<\/p><p>It is also possible for the swamer to sponsor friends to become users and swamers. This also allows him to make an additional income on the site. Swame offers 10 % of what the referral earns.<\/p>\t\t\t\t\t\t\t\t<\/div>\n\t\t\t\t<\/div>\n\t\t\t\t<div class=\"elementor-element elementor-element-09ad7fe elementor-align-center elementor-widget elementor-widget-button\" data-id=\"09ad7fe\" data-element_type=\"widget\" data-e-type=\"widget\" data-widget_type=\"button.default\">\n\t\t\t\t<div class=\"elementor-widget-container\">\n\t\t\t\t\t\t\t\t\t<div class=\"elementor-button-wrapper\">\n\t\t\t\t\t<a class=\"elementor-button elementor-button-link elementor-size-md\" href=\"https:\/\/topyfans.com\/en\/go\/swame\/\" target=\"_blank\" rel=\"nofollow\">\n\t\t\t\t\t\t<span class=\"elementor-button-content-wrapper\">\n\t\t\t\t\t\t\t\t\t<span class=\"elementor-button-text\">Register on Swame<\/span>\n\t\t\t\t\t<\/span>\n\t\t\t\t\t<\/a>\n\t\t\t\t<\/div>\n\t\t\t\t\t\t\t\t<\/div>\n\t\t\t\t<\/div>\n\t\t\t\t<div class=\"elementor-element elementor-element-254cb9e elementor-widget elementor-widget-spacer\" data-id=\"254cb9e\" data-element_type=\"widget\" data-e-type=\"widget\" data-widget_type=\"spacer.default\">\n\t\t\t\t<div class=\"elementor-widget-container\">\n\t\t\t\t\t\t\t<div class=\"elementor-spacer\">\n\t\t\t<div class=\"elementor-spacer-inner\"><\/div>\n\t\t<\/div>\n\t\t\t\t\t\t<\/div>\n\t\t\t\t<\/div>\n\t\t\t\t\t<\/div>\n\t\t<\/div>\n\t\t\t\t\t<\/div>\n\t\t<\/section>\n\t\t\t\t<\/div>","protected":false},"excerpt":{"rendered":"<p>Swame est une plateforme de r\u00e9seau social assez r\u00e9cente. Elle met en relation des jeunes et des adultes de plus de 18 ans qui aiment discuter, faire des partages de photos et de vid\u00e9os, mais aussi, faire des rencontres coquines. Le petit plus avec Swame, c\u2019est la possibilit\u00e9 de se faire de l\u2019argent de diff\u00e9rentes [&hellip;]<\/p>\n","protected":false},"author":1,"featured_media":0,"parent":0,"menu_order":0,"comment_status":"closed","ping_status":"closed","template":"elementor_header_footer","meta":{"site-sidebar-layout":"default","site-content-layout":"default","ast-site-content-layout":"default","site-content-style":"default","site-sidebar-style":"default","ast-global-header-display":"","ast-banner-title-visibility":"","ast-main-header-display":"","ast-hfb-above-header-display":"","ast-hfb-below-header-display":"","ast-hfb-mobile-header-display":"","site-post-title":"","ast-breadcrumbs-content":"","ast-featured-img":"","footer-sml-layout":"","ast-disable-related-posts":"","theme-transparent-header-meta":"default","adv-header-id-meta":"","stick-header-meta":"","header-above-stick-meta":"","header-main-stick-meta":"","header-below-stick-meta":"","astra-migrate-meta-layouts":"default","ast-page-background-enabled":"default","ast-page-background-meta":{"desktop":{"background-color":"","background-image":"","background-repeat":"repeat","background-position":"center center","background-size":"auto","background-attachment":"scroll","background-type":"","background-media":"","overlay-type":"","overlay-color":"","overlay-opacity":"","overlay-gradient":""},"tablet":{"background-color":"","background-image":"","background-repeat":"repeat","background-position":"center center","background-size":"auto","background-attachment":"scroll","background-type":"","background-media":"","overlay-type":"","overlay-color":"","overlay-opacity":"","overlay-gradient":""},"mobile":{"background-color":"","background-image":"","background-repeat":"repeat","background-position":"center center","background-size":"auto","background-attachment":"scroll","background-type":"","background-media":"","overlay-type":"","overlay-color":"","overlay-opacity":"","overlay-gradient":""}},"ast-content-background-meta":{"desktop":{"background-color":"var(--ast-global-color-5)","background-image":"","background-repeat":"repeat","background-position":"center center","background-size":"auto","background-attachment":"scroll","background-type":"","background-media":"","overlay-type":"","overlay-color":"","overlay-opacity":"","overlay-gradient":""},"tablet":{"background-color":"var(--ast-global-color-5)","background-image":"","background-repeat":"repeat","background-position":"center center","background-size":"auto","background-attachment":"scroll","background-type":"","background-media":"","overlay-type":"","overlay-color":"","overlay-opacity":"","overlay-gradient":""},"mobile":{"background-color":"var(--ast-global-color-5)","background-image":"","background-repeat":"repeat","background-position":"center center","background-size":"auto","background-attachment":"scroll","background-type":"","background-media":"","overlay-type":"","overlay-color":"","overlay-opacity":"","overlay-gradient":""}},"footnotes":""},"class_list":["post-37","page","type-page","status-publish","hentry"],"yoast_head":"<!-- This site is optimized with the Yoast SEO plugin v27.4 - https:\/\/yoast.com\/product\/yoast-seo-wordpress\/ -->\n<title>Comment devenir Swamer et mon\u00e9tisez mon contenu ! - Swame Avis<\/title>\n<meta name=\"robots\" content=\"index, follow, max-snippet:-1, max-image-preview:large, max-video-preview:-1\" \/>\n<link rel=\"canonical\" href=\"https:\/\/topyfans.com\/en\/how-to-create\/\" \/>\n<meta property=\"og:locale\" content=\"en_US\" \/>\n<meta property=\"og:type\" content=\"article\" \/>\n<meta property=\"og:title\" content=\"Comment devenir Swamer et mon\u00e9tisez mon contenu ! - Swame Avis\" \/>\n<meta property=\"og:description\" content=\"Swame est une plateforme de r\u00e9seau social assez r\u00e9cente. Elle met en relation des jeunes et des adultes de plus de 18 ans qui aiment discuter, faire des partages de photos et de vid\u00e9os, mais aussi, faire des rencontres coquines. Le petit plus avec Swame, c\u2019est la possibilit\u00e9 de se faire de l\u2019argent de diff\u00e9rentes [&hellip;]\" \/>\n<meta property=\"og:url\" content=\"https:\/\/topyfans.com\/en\/how-to-create\/\" \/>\n<meta property=\"og:site_name\" content=\"Swame Avis\" \/>\n<meta property=\"article:modified_time\" content=\"2022-09-20T08:23:04+00:00\" \/>\n<meta name=\"twitter:card\" content=\"summary_large_image\" \/>\n<meta name=\"twitter:label1\" content=\"Est. reading time\" \/>\n\t<meta name=\"twitter:data1\" content=\"7 minutes\" \/>\n<script type=\"application\/ld+json\" class=\"yoast-schema-graph\">{\"@context\":\"https:\\\/\\\/schema.org\",\"@graph\":[{\"@type\":\"WebPage\",\"@id\":\"https:\\\/\\\/topyfans.com\\\/comment-devenir-createurs\\\/\",\"url\":\"https:\\\/\\\/topyfans.com\\\/comment-devenir-createurs\\\/\",\"name\":\"Comment devenir Swamer et mon\u00e9tisez mon contenu ! - Swame Avis\",\"isPartOf\":{\"@id\":\"https:\\\/\\\/topyfans.com\\\/#website\"},\"datePublished\":\"2020-10-19T18:29:27+00:00\",\"dateModified\":\"2022-09-20T08:23:04+00:00\",\"breadcrumb\":{\"@id\":\"https:\\\/\\\/topyfans.com\\\/comment-devenir-createurs\\\/#breadcrumb\"},\"inLanguage\":\"en-US\",\"potentialAction\":[{\"@type\":\"ReadAction\",\"target\":[\"https:\\\/\\\/topyfans.com\\\/comment-devenir-createurs\\\/\"]}]},{\"@type\":\"BreadcrumbList\",\"@id\":\"https:\\\/\\\/topyfans.com\\\/comment-devenir-createurs\\\/#breadcrumb\",\"itemListElement\":[{\"@type\":\"ListItem\",\"position\":1,\"name\":\"Accueil\",\"item\":\"https:\\\/\\\/topyfans.com\\\/\"},{\"@type\":\"ListItem\",\"position\":2,\"name\":\"Comment devenir Swamer et mon\u00e9tisez mon contenu !\"}]},{\"@type\":\"WebSite\",\"@id\":\"https:\\\/\\\/topyfans.com\\\/#website\",\"url\":\"https:\\\/\\\/topyfans.com\\\/\",\"name\":\"Swame Avis\",\"description\":\"\",\"publisher\":{\"@id\":\"https:\\\/\\\/topyfans.com\\\/#organization\"},\"potentialAction\":[{\"@type\":\"SearchAction\",\"target\":{\"@type\":\"EntryPoint\",\"urlTemplate\":\"https:\\\/\\\/topyfans.com\\\/?s={search_term_string}\"},\"query-input\":{\"@type\":\"PropertyValueSpecification\",\"valueRequired\":true,\"valueName\":\"search_term_string\"}}],\"inLanguage\":\"en-US\"},{\"@type\":\"Organization\",\"@id\":\"https:\\\/\\\/topyfans.com\\\/#organization\",\"name\":\"Swame Avis\",\"url\":\"https:\\\/\\\/topyfans.com\\\/\",\"logo\":{\"@type\":\"ImageObject\",\"inLanguage\":\"en-US\",\"@id\":\"https:\\\/\\\/topyfans.com\\\/#\\\/schema\\\/logo\\\/image\\\/\",\"url\":\"https:\\\/\\\/topyfans.com\\\/wp-content\\\/uploads\\\/2024\\\/06\\\/logo-1.jpg\",\"contentUrl\":\"https:\\\/\\\/topyfans.com\\\/wp-content\\\/uploads\\\/2024\\\/06\\\/logo-1.jpg\",\"width\":317,\"height\":48,\"caption\":\"Swame Avis\"},\"image\":{\"@id\":\"https:\\\/\\\/topyfans.com\\\/#\\\/schema\\\/logo\\\/image\\\/\"}}]}<\/script>\n<!-- \/ Yoast SEO plugin. -->","yoast_head_json":{"title":"How to become a Swamer and monetize my content! - Swame Avis","robots":{"index":"index","follow":"follow","max-snippet":"max-snippet:-1","max-image-preview":"max-image-preview:large","max-video-preview":"max-video-preview:-1"},"canonical":"https:\/\/topyfans.com\/en\/how-to-create\/","og_locale":"en_US","og_type":"article","og_title":"Comment devenir Swamer et mon\u00e9tisez mon contenu ! - Swame Avis","og_description":"Swame est une plateforme de r\u00e9seau social assez r\u00e9cente. Elle met en relation des jeunes et des adultes de plus de 18 ans qui aiment discuter, faire des partages de photos et de vid\u00e9os, mais aussi, faire des rencontres coquines. Le petit plus avec Swame, c\u2019est la possibilit\u00e9 de se faire de l\u2019argent de diff\u00e9rentes [&hellip;]","og_url":"https:\/\/topyfans.com\/en\/how-to-create\/","og_site_name":"Swame Avis","article_modified_time":"2022-09-20T08:23:04+00:00","twitter_card":"summary_large_image","twitter_misc":{"Est. reading time":"7 minutes"},"schema":{"@context":"https:\/\/schema.org","@graph":[{"@type":"WebPage","@id":"https:\/\/topyfans.com\/comment-devenir-createurs\/","url":"https:\/\/topyfans.com\/comment-devenir-createurs\/","name":"How to become a Swamer and monetize my content! - Swame Avis","isPartOf":{"@id":"https:\/\/topyfans.com\/#website"},"datePublished":"2020-10-19T18:29:27+00:00","dateModified":"2022-09-20T08:23:04+00:00","breadcrumb":{"@id":"https:\/\/topyfans.com\/comment-devenir-createurs\/#breadcrumb"},"inLanguage":"en-US","potentialAction":[{"@type":"ReadAction","target":["https:\/\/topyfans.com\/comment-devenir-createurs\/"]}]},{"@type":"BreadcrumbList","@id":"https:\/\/topyfans.com\/comment-devenir-createurs\/#breadcrumb","itemListElement":[{"@type":"ListItem","position":1,"name":"Accueil","item":"https:\/\/topyfans.com\/"},{"@type":"ListItem","position":2,"name":"Comment devenir Swamer et mon\u00e9tisez mon contenu !"}]},{"@type":"WebSite","@id":"https:\/\/topyfans.com\/#website","url":"https:\/\/topyfans.com\/","name":"Swame Avis","description":"","publisher":{"@id":"https:\/\/topyfans.com\/#organization"},"potentialAction":[{"@type":"SearchAction","target":{"@type":"EntryPoint","urlTemplate":"https:\/\/topyfans.com\/?s={search_term_string}"},"query-input":{"@type":"PropertyValueSpecification","valueRequired":true,"valueName":"search_term_string"}}],"inLanguage":"en-US"},{"@type":"Organization","@id":"https:\/\/topyfans.com\/#organization","name":"Swame Avis","url":"https:\/\/topyfans.com\/","logo":{"@type":"ImageObject","inLanguage":"en-US","@id":"https:\/\/topyfans.com\/#\/schema\/logo\/image\/","url":"https:\/\/topyfans.com\/wp-content\/uploads\/2024\/06\/logo-1.jpg","contentUrl":"https:\/\/topyfans.com\/wp-content\/uploads\/2024\/06\/logo-1.jpg","width":317,"height":48,"caption":"Swame Avis"},"image":{"@id":"https:\/\/topyfans.com\/#\/schema\/logo\/image\/"}}]}},"_links":{"self":[{"href":"https:\/\/topyfans.com\/en\/wp-json\/wp\/v2\/pages\/37","targetHints":{"allow":["GET"]}}],"collection":[{"href":"https:\/\/topyfans.com\/en\/wp-json\/wp\/v2\/pages"}],"about":[{"href":"https:\/\/topyfans.com\/en\/wp-json\/wp\/v2\/types\/page"}],"author":[{"embeddable":true,"href":"https:\/\/topyfans.com\/en\/wp-json\/wp\/v2\/users\/1"}],"replies":[{"embeddable":true,"href":"https:\/\/topyfans.com\/en\/wp-json\/wp\/v2\/comments?post=37"}],"version-history":[{"count":40,"href":"https:\/\/topyfans.com\/en\/wp-json\/wp\/v2\/pages\/37\/revisions"}],"predecessor-version":[{"id":388,"href":"https:\/\/topyfans.com\/en\/wp-json\/wp\/v2\/pages\/37\/revisions\/388"}],"wp:attachment":[{"href":"https:\/\/topyfans.com\/en\/wp-json\/wp\/v2\/media?parent=37"}],"curies":[{"name":"wp","href":"https:\/\/api.w.org\/{rel}","templated":true}]}}