{"id":464,"date":"2023-02-14T09:11:22","date_gmt":"2023-02-14T08:11:22","guid":{"rendered":"https:\/\/swameavis.com\/?page_id=464"},"modified":"2023-02-21T15:12:39","modified_gmt":"2023-02-21T14:12:39","slug":"mentions-legales","status":"publish","type":"page","link":"https:\/\/topyfans.com\/en\/mentions-legales\/","title":{"rendered":"Legal information"},"content":{"rendered":"<h2 class=\"wp-block-heading\">IDENTITY<\/h2>\n\n\n\n<p>Website name: TopyFans<br>Site address: https:\/\/topyfans.com<\/p>\n\n\n\n<p>Owner: TuringMedia - SASU<\/p>\n\n\n\n<p>Hosting : OVH - 2 Rue Kellermann, 59100 Roubaix<\/p>\n\n\n\n<h2 class=\"wp-block-heading\">CONDITIONS OF USE<\/h2>\n\n\n\n<p>The use of this site implies full acceptance of the general conditions of use described below. These conditions of use may be modified or completed at any time.<\/p>\n\n\n\n<h3 class=\"wp-block-heading\">INFORMATION<\/h3>\n\n\n\n<p>The information and documents on the site are presented as an indication, without exhaustive character, and cannot engage the responsibility of the owner of the site.<\/p>\n\n\n\n<p>The owner of the site cannot be held responsible for any direct or indirect damage resulting from access to the site.<\/p>\n\n\n\n<h3 class=\"wp-block-heading\">INTERACTIVITY<\/h3>\n\n\n\n<p>The users of the site can deposit contents, appearing on the site in dedicated spaces (in particular via the comments). The deposited content remains under the responsibility of their authors, who assume full legal responsibility.<\/p>\n\n\n\n<p>The owner of the site nevertheless reserves the right to remove without notice and without justification any content submitted by users that does not comply with the ethical charter of the site or the legislation in force.<\/p>\n\n\n\n<h3 class=\"wp-block-heading\">INTELLECTUAL PROPERTY<\/h3>\n\n\n\n<p>Unless otherwise stated, all elements accessible on the site (texts, images, graphics, logos, icons, sounds, software, etc.) remain the exclusive property of their authors, as far as intellectual property rights or rights of use are concerned.&nbsp;<sup><a href=\"https:\/\/www.webexpress.fr\/actualite\/focus\/modele-de-mentions-legales-complet-et-gratuit\/#fn-7013-1\">1<\/a><\/sup><\/p>\n\n\n\n<p>Any reproduction, representation, modification, publication, adaptation of all or part of the elements of the site, whatever the means or the process used, is forbidden, except prior written authorization of the author.<\/p>\n\n\n\n<p>Any unauthorized use of the site or of any of the elements it contains is considered as constituting an infringement and is liable to prosecution.<\/p>\n\n\n\n<p>The brands and logos reproduced on the site are registered by the companies that own them.<\/p>\n\n\n\n<h3 class=\"wp-block-heading\">LINKS<\/h3>\n\n\n\n<p><strong>Outgoing links<\/strong><br>The owner of the site declines any responsibility and is not committed by the referencing via hypertext links, of third party resources present on the Internet, as well as with regard to their contents as their relevance.<\/p>\n\n\n\n<p><strong>Incoming links<\/strong><br>The owner of the site authorizes hyperlinks to any of the pages of this site, provided that they open a new window and are presented in an unequivocal manner in order to avoid :<\/p>\n\n\n\n<ul class=\"wp-block-list\">\n<li>any risk of confusion between the quoting site and the owner of the site<\/li>\n\n\n\n<li>as well as any tendentious presentation, or contrary to the laws in force.<\/li>\n<\/ul>\n\n\n\n<p>The owner of the site reserves the right to ask for the removal of a link if he considers that the source site does not respect the rules thus defined.<\/p>\n\n\n\n<h3 class=\"wp-block-heading\">CONFIDENTIALITY<\/h3>\n\n\n\n<p>Any user has the right to access, rectify and oppose any personal data concerning him\/her, by making a written and signed request, accompanied by proof of identity.<\/p>\n\n\n\n<p>The site does not collect personal information, and is not subject to declaration to the CNIL. (Replaced by the provisions of the RGPD)<\/p>","protected":false},"excerpt":{"rendered":"<p>IDENTIT\u00c9 Nom du site web : TopyFansAdresse du site : https:\/\/topyfans.com Propri\u00e9taire&nbsp;: TuringMedia \u2013 SASU H\u00e9bergement : OVH \u2013 2 Rue Kellermann, 59100 Roubaix CONDITIONS D\u2019UTILISATION L\u2019utilisation du pr\u00e9sent site implique l\u2019acceptation pleine et enti\u00e8re des conditions g\u00e9n\u00e9rales d\u2019utilisation d\u00e9crites ci-apr\u00e8s. Ces conditions d\u2019utilisation sont susceptibles d\u2019\u00eatre modifi\u00e9es ou compl\u00e9t\u00e9es \u00e0 tout moment. INFORMATIONS Les [&hellip;]<\/p>\n","protected":false},"author":1,"featured_media":0,"parent":0,"menu_order":0,"comment_status":"closed","ping_status":"closed","template":"","meta":{"site-sidebar-layout":"default","site-content-layout":"","ast-site-content-layout":"default","site-content-style":"default","site-sidebar-style":"default","ast-global-header-display":"","ast-banner-title-visibility":"","ast-main-header-display":"","ast-hfb-above-header-display":"","ast-hfb-below-header-display":"","ast-hfb-mobile-header-display":"","site-post-title":"","ast-breadcrumbs-content":"","ast-featured-img":"","footer-sml-layout":"","ast-disable-related-posts":"","theme-transparent-header-meta":"","adv-header-id-meta":"","stick-header-meta":"","header-above-stick-meta":"","header-main-stick-meta":"","header-below-stick-meta":"","astra-migrate-meta-layouts":"default","ast-page-background-enabled":"default","ast-page-background-meta":{"desktop":{"background-color":"","background-image":"","background-repeat":"repeat","background-position":"center center","background-size":"auto","background-attachment":"scroll","background-type":"","background-media":"","overlay-type":"","overlay-color":"","overlay-opacity":"","overlay-gradient":""},"tablet":{"background-color":"","background-image":"","background-repeat":"repeat","background-position":"center center","background-size":"auto","background-attachment":"scroll","background-type":"","background-media":"","overlay-type":"","overlay-color":"","overlay-opacity":"","overlay-gradient":""},"mobile":{"background-color":"","background-image":"","background-repeat":"repeat","background-position":"center center","background-size":"auto","background-attachment":"scroll","background-type":"","background-media":"","overlay-type":"","overlay-color":"","overlay-opacity":"","overlay-gradient":""}},"ast-content-background-meta":{"desktop":{"background-color":"var(--ast-global-color-5)","background-image":"","background-repeat":"repeat","background-position":"center center","background-size":"auto","background-attachment":"scroll","background-type":"","background-media":"","overlay-type":"","overlay-color":"","overlay-opacity":"","overlay-gradient":""},"tablet":{"background-color":"var(--ast-global-color-5)","background-image":"","background-repeat":"repeat","background-position":"center center","background-size":"auto","background-attachment":"scroll","background-type":"","background-media":"","overlay-type":"","overlay-color":"","overlay-opacity":"","overlay-gradient":""},"mobile":{"background-color":"var(--ast-global-color-5)","background-image":"","background-repeat":"repeat","background-position":"center center","background-size":"auto","background-attachment":"scroll","background-type":"","background-media":"","overlay-type":"","overlay-color":"","overlay-opacity":"","overlay-gradient":""}},"footnotes":""},"class_list":["post-464","page","type-page","status-publish","hentry"],"yoast_head":"<!-- This site is optimized with the Yoast SEO plugin v27.4 - https:\/\/yoast.com\/product\/yoast-seo-wordpress\/ -->\n<title>Mentions l\u00e9gales - Swame Avis<\/title>\n<meta name=\"robots\" content=\"index, follow, max-snippet:-1, max-image-preview:large, max-video-preview:-1\" \/>\n<link rel=\"canonical\" href=\"https:\/\/topyfans.com\/en\/endorsements\/\" \/>\n<meta property=\"og:locale\" content=\"en_US\" \/>\n<meta property=\"og:type\" content=\"article\" \/>\n<meta property=\"og:title\" content=\"Mentions l\u00e9gales - Swame Avis\" \/>\n<meta property=\"og:description\" content=\"IDENTIT\u00c9 Nom du site web : TopyFansAdresse du site : https:\/\/topyfans.com Propri\u00e9taire&nbsp;: TuringMedia \u2013 SASU H\u00e9bergement : OVH \u2013 2 Rue Kellermann, 59100 Roubaix CONDITIONS D\u2019UTILISATION L\u2019utilisation du pr\u00e9sent site implique l\u2019acceptation pleine et enti\u00e8re des conditions g\u00e9n\u00e9rales d\u2019utilisation d\u00e9crites ci-apr\u00e8s. Ces conditions d\u2019utilisation sont susceptibles d\u2019\u00eatre modifi\u00e9es ou compl\u00e9t\u00e9es \u00e0 tout moment. INFORMATIONS Les [&hellip;]\" \/>\n<meta property=\"og:url\" content=\"https:\/\/topyfans.com\/en\/endorsements\/\" \/>\n<meta property=\"og:site_name\" content=\"Swame Avis\" \/>\n<meta property=\"article:modified_time\" content=\"2023-02-21T14:12:39+00:00\" \/>\n<meta name=\"twitter:card\" content=\"summary_large_image\" \/>\n<meta name=\"twitter:label1\" content=\"Est. reading time\" \/>\n\t<meta name=\"twitter:data1\" content=\"3 minutes\" \/>\n<script type=\"application\/ld+json\" class=\"yoast-schema-graph\">{\"@context\":\"https:\\\/\\\/schema.org\",\"@graph\":[{\"@type\":\"WebPage\",\"@id\":\"https:\\\/\\\/topyfans.com\\\/mentions-legales\\\/\",\"url\":\"https:\\\/\\\/topyfans.com\\\/mentions-legales\\\/\",\"name\":\"Mentions l\u00e9gales - Swame Avis\",\"isPartOf\":{\"@id\":\"https:\\\/\\\/topyfans.com\\\/#website\"},\"datePublished\":\"2023-02-14T08:11:22+00:00\",\"dateModified\":\"2023-02-21T14:12:39+00:00\",\"breadcrumb\":{\"@id\":\"https:\\\/\\\/topyfans.com\\\/mentions-legales\\\/#breadcrumb\"},\"inLanguage\":\"en-US\",\"potentialAction\":[{\"@type\":\"ReadAction\",\"target\":[\"https:\\\/\\\/topyfans.com\\\/mentions-legales\\\/\"]}]},{\"@type\":\"BreadcrumbList\",\"@id\":\"https:\\\/\\\/topyfans.com\\\/mentions-legales\\\/#breadcrumb\",\"itemListElement\":[{\"@type\":\"ListItem\",\"position\":1,\"name\":\"Accueil\",\"item\":\"https:\\\/\\\/topyfans.com\\\/\"},{\"@type\":\"ListItem\",\"position\":2,\"name\":\"Mentions l\u00e9gales\"}]},{\"@type\":\"WebSite\",\"@id\":\"https:\\\/\\\/topyfans.com\\\/#website\",\"url\":\"https:\\\/\\\/topyfans.com\\\/\",\"name\":\"Swame Avis\",\"description\":\"\",\"publisher\":{\"@id\":\"https:\\\/\\\/topyfans.com\\\/#organization\"},\"potentialAction\":[{\"@type\":\"SearchAction\",\"target\":{\"@type\":\"EntryPoint\",\"urlTemplate\":\"https:\\\/\\\/topyfans.com\\\/?s={search_term_string}\"},\"query-input\":{\"@type\":\"PropertyValueSpecification\",\"valueRequired\":true,\"valueName\":\"search_term_string\"}}],\"inLanguage\":\"en-US\"},{\"@type\":\"Organization\",\"@id\":\"https:\\\/\\\/topyfans.com\\\/#organization\",\"name\":\"Swame Avis\",\"url\":\"https:\\\/\\\/topyfans.com\\\/\",\"logo\":{\"@type\":\"ImageObject\",\"inLanguage\":\"en-US\",\"@id\":\"https:\\\/\\\/topyfans.com\\\/#\\\/schema\\\/logo\\\/image\\\/\",\"url\":\"https:\\\/\\\/topyfans.com\\\/wp-content\\\/uploads\\\/2024\\\/06\\\/logo-1.jpg\",\"contentUrl\":\"https:\\\/\\\/topyfans.com\\\/wp-content\\\/uploads\\\/2024\\\/06\\\/logo-1.jpg\",\"width\":317,\"height\":48,\"caption\":\"Swame Avis\"},\"image\":{\"@id\":\"https:\\\/\\\/topyfans.com\\\/#\\\/schema\\\/logo\\\/image\\\/\"}}]}<\/script>\n<!-- \/ Yoast SEO plugin. -->","yoast_head_json":{"title":"Legal Notice - Swame Avis","robots":{"index":"index","follow":"follow","max-snippet":"max-snippet:-1","max-image-preview":"max-image-preview:large","max-video-preview":"max-video-preview:-1"},"canonical":"https:\/\/topyfans.com\/en\/endorsements\/","og_locale":"en_US","og_type":"article","og_title":"Mentions l\u00e9gales - Swame Avis","og_description":"IDENTIT\u00c9 Nom du site web : TopyFansAdresse du site : https:\/\/topyfans.com Propri\u00e9taire&nbsp;: TuringMedia \u2013 SASU H\u00e9bergement : OVH \u2013 2 Rue Kellermann, 59100 Roubaix CONDITIONS D\u2019UTILISATION L\u2019utilisation du pr\u00e9sent site implique l\u2019acceptation pleine et enti\u00e8re des conditions g\u00e9n\u00e9rales d\u2019utilisation d\u00e9crites ci-apr\u00e8s. Ces conditions d\u2019utilisation sont susceptibles d\u2019\u00eatre modifi\u00e9es ou compl\u00e9t\u00e9es \u00e0 tout moment. INFORMATIONS Les [&hellip;]","og_url":"https:\/\/topyfans.com\/en\/endorsements\/","og_site_name":"Swame Avis","article_modified_time":"2023-02-21T14:12:39+00:00","twitter_card":"summary_large_image","twitter_misc":{"Est. reading time":"3 minutes"},"schema":{"@context":"https:\/\/schema.org","@graph":[{"@type":"WebPage","@id":"https:\/\/topyfans.com\/mentions-legales\/","url":"https:\/\/topyfans.com\/mentions-legales\/","name":"Legal Notice - Swame Avis","isPartOf":{"@id":"https:\/\/topyfans.com\/#website"},"datePublished":"2023-02-14T08:11:22+00:00","dateModified":"2023-02-21T14:12:39+00:00","breadcrumb":{"@id":"https:\/\/topyfans.com\/mentions-legales\/#breadcrumb"},"inLanguage":"en-US","potentialAction":[{"@type":"ReadAction","target":["https:\/\/topyfans.com\/mentions-legales\/"]}]},{"@type":"BreadcrumbList","@id":"https:\/\/topyfans.com\/mentions-legales\/#breadcrumb","itemListElement":[{"@type":"ListItem","position":1,"name":"Accueil","item":"https:\/\/topyfans.com\/"},{"@type":"ListItem","position":2,"name":"Mentions l\u00e9gales"}]},{"@type":"WebSite","@id":"https:\/\/topyfans.com\/#website","url":"https:\/\/topyfans.com\/","name":"Swame Avis","description":"","publisher":{"@id":"https:\/\/topyfans.com\/#organization"},"potentialAction":[{"@type":"SearchAction","target":{"@type":"EntryPoint","urlTemplate":"https:\/\/topyfans.com\/?s={search_term_string}"},"query-input":{"@type":"PropertyValueSpecification","valueRequired":true,"valueName":"search_term_string"}}],"inLanguage":"en-US"},{"@type":"Organization","@id":"https:\/\/topyfans.com\/#organization","name":"Swame Avis","url":"https:\/\/topyfans.com\/","logo":{"@type":"ImageObject","inLanguage":"en-US","@id":"https:\/\/topyfans.com\/#\/schema\/logo\/image\/","url":"https:\/\/topyfans.com\/wp-content\/uploads\/2024\/06\/logo-1.jpg","contentUrl":"https:\/\/topyfans.com\/wp-content\/uploads\/2024\/06\/logo-1.jpg","width":317,"height":48,"caption":"Swame Avis"},"image":{"@id":"https:\/\/topyfans.com\/#\/schema\/logo\/image\/"}}]}},"_links":{"self":[{"href":"https:\/\/topyfans.com\/en\/wp-json\/wp\/v2\/pages\/464","targetHints":{"allow":["GET"]}}],"collection":[{"href":"https:\/\/topyfans.com\/en\/wp-json\/wp\/v2\/pages"}],"about":[{"href":"https:\/\/topyfans.com\/en\/wp-json\/wp\/v2\/types\/page"}],"author":[{"embeddable":true,"href":"https:\/\/topyfans.com\/en\/wp-json\/wp\/v2\/users\/1"}],"replies":[{"embeddable":true,"href":"https:\/\/topyfans.com\/en\/wp-json\/wp\/v2\/comments?post=464"}],"version-history":[{"count":2,"href":"https:\/\/topyfans.com\/en\/wp-json\/wp\/v2\/pages\/464\/revisions"}],"predecessor-version":[{"id":469,"href":"https:\/\/topyfans.com\/en\/wp-json\/wp\/v2\/pages\/464\/revisions\/469"}],"wp:attachment":[{"href":"https:\/\/topyfans.com\/en\/wp-json\/wp\/v2\/media?parent=464"}],"curies":[{"name":"wp","href":"https:\/\/api.w.org\/{rel}","templated":true}]}}