{"id":464,"date":"2023-02-14T09:11:22","date_gmt":"2023-02-14T08:11:22","guid":{"rendered":"https:\/\/swameavis.com\/?page_id=464"},"modified":"2023-02-21T15:12:39","modified_gmt":"2023-02-21T14:12:39","slug":"mentions-legales","status":"publish","type":"page","link":"https:\/\/topyfans.com\/es\/mentions-legales\/","title":{"rendered":"Informaci\u00f3n jur\u00eddica"},"content":{"rendered":"<h2 class=\"wp-block-heading\">IDENTIDAD<\/h2>\n\n\n\n<p>Nombre del sitio web: TopyFans<br>Direcci\u00f3n web: https:\/\/topyfans.com<\/p>\n\n\n\n<p>Propietario: TuringMedia - SASU<\/p>\n\n\n\n<p>Alojamiento : OVH - 2 Rue Kellermann, 59100 Roubaix<\/p>\n\n\n\n<h2 class=\"wp-block-heading\">CONDICIONES DE USO<\/h2>\n\n\n\n<p>El uso de este sitio implica la plena aceptaci\u00f3n de las condiciones generales de uso que se describen a continuaci\u00f3n. Estas condiciones de uso podr\u00e1n ser modificadas o completadas en cualquier momento.<\/p>\n\n\n\n<h3 class=\"wp-block-heading\">INFORMACI\u00d3N<\/h3>\n\n\n\n<p>La informaci\u00f3n y los documentos que figuran en el sitio se presentan \u00fanicamente a t\u00edtulo informativo, sin ning\u00fan car\u00e1cter exhaustivo, y no pueden comprometer la responsabilidad del propietario del sitio.<\/p>\n\n\n\n<p>El propietario del sitio no se hace responsable de los da\u00f1os directos o indirectos derivados del acceso al sitio.<\/p>\n\n\n\n<h3 class=\"wp-block-heading\">INTERACTIVIDAD<\/h3>\n\n\n\n<p>Los usuarios del sitio pueden depositar contenidos, que aparecen en el sitio en espacios dedicados (en particular a trav\u00e9s de los comentarios). Los contenidos depositados permanecen bajo la responsabilidad de sus autores, que asumen toda la responsabilidad legal de los mismos.<\/p>\n\n\n\n<p>No obstante, el propietario del sitio se reserva el derecho de retirar sin previo aviso y sin justificaci\u00f3n cualquier contenido enviado por los usuarios que no cumpla con la carta \u00e9tica del sitio o con la legislaci\u00f3n vigente.<\/p>\n\n\n\n<h3 class=\"wp-block-heading\">PROPIEDAD INTELECTUAL<\/h3>\n\n\n\n<p>Salvo que se indique lo contrario, todos los elementos accesibles en el sitio (textos, im\u00e1genes, gr\u00e1ficos, logotipos, iconos, sonidos, software, etc.) son propiedad exclusiva de sus autores, por lo que respecta a los derechos de propiedad intelectual o de uso.&nbsp;<sup><a href=\"https:\/\/www.webexpress.fr\/actualite\/focus\/modele-de-mentions-legales-complet-et-gratuit\/#fn-7013-1\">1<\/a><\/sup><\/p>\n\n\n\n<p>Toda reproducci\u00f3n, representaci\u00f3n, modificaci\u00f3n, publicaci\u00f3n, adaptaci\u00f3n de la totalidad o parte de los elementos del sitio, cualquiera que sea el medio o el procedimiento utilizado, est\u00e1 prohibida, salvo autorizaci\u00f3n previa por escrito del autor.<\/p>\n\n\n\n<p>Cualquier uso no autorizado del sitio o de cualquiera de los elementos que contiene se considerar\u00e1 constitutivo de infracci\u00f3n y podr\u00e1 ser perseguido.<\/p>\n\n\n\n<p>Las marcas y logotipos reproducidos en el sitio est\u00e1n registrados por las empresas propietarias de los mismos.<\/p>\n\n\n\n<h3 class=\"wp-block-heading\">ENLACES<\/h3>\n\n\n\n<p><strong>Enlaces salientes<\/strong><br>El propietario del sitio declina toda responsabilidad y no se compromete por la referencia, mediante enlaces de hipertexto, a recursos de terceros presentes en la red Internet, tanto en lo que se refiere a su contenido como a su pertinencia.<\/p>\n\n\n\n<p><strong>Enlaces entrantes<\/strong><br>El titular del sitio autoriza los hiperv\u00ednculos a cualquiera de las p\u00e1ginas de este sitio, siempre que \u00e9stos abran una nueva ventana y se presenten de forma inequ\u00edvoca para evitar :<\/p>\n\n\n\n<ul class=\"wp-block-list\">\n<li>cualquier riesgo de confusi\u00f3n entre el sitio que cita y el propietario del sitio<\/li>\n\n\n\n<li>as\u00ed como cualquier presentaci\u00f3n tendenciosa o contraria a la legislaci\u00f3n vigente.<\/li>\n<\/ul>\n\n\n\n<p>El propietario del sitio se reserva el derecho a solicitar la supresi\u00f3n de un enlace si considera que el sitio de origen no respeta las normas as\u00ed definidas.<\/p>\n\n\n\n<h3 class=\"wp-block-heading\">CONFIDENCIALIDAD<\/h3>\n\n\n\n<p>Cualquier usuario tiene derecho a acceder, rectificar y oponerse a los datos personales que le conciernan, presentando una solicitud escrita y firmada, acompa\u00f1ada de una prueba de identidad.<\/p>\n\n\n\n<p>El sitio no recoge informaci\u00f3n personal y no est\u00e1 sujeto a declaraci\u00f3n a la CNIL. (Sustituido por las disposiciones del RGPD)<\/p>","protected":false},"excerpt":{"rendered":"<p>IDENTIT\u00c9 Nom du site web : TopyFansAdresse du site : https:\/\/topyfans.com Propri\u00e9taire&nbsp;: TuringMedia \u2013 SASU H\u00e9bergement : OVH \u2013 2 Rue Kellermann, 59100 Roubaix CONDITIONS D\u2019UTILISATION L\u2019utilisation du pr\u00e9sent site implique l\u2019acceptation pleine et enti\u00e8re des conditions g\u00e9n\u00e9rales d\u2019utilisation d\u00e9crites ci-apr\u00e8s. Ces conditions d\u2019utilisation sont susceptibles d\u2019\u00eatre modifi\u00e9es ou compl\u00e9t\u00e9es \u00e0 tout moment. INFORMATIONS Les [&hellip;]<\/p>\n","protected":false},"author":1,"featured_media":0,"parent":0,"menu_order":0,"comment_status":"closed","ping_status":"closed","template":"","meta":{"site-sidebar-layout":"default","site-content-layout":"","ast-site-content-layout":"default","site-content-style":"default","site-sidebar-style":"default","ast-global-header-display":"","ast-banner-title-visibility":"","ast-main-header-display":"","ast-hfb-above-header-display":"","ast-hfb-below-header-display":"","ast-hfb-mobile-header-display":"","site-post-title":"","ast-breadcrumbs-content":"","ast-featured-img":"","footer-sml-layout":"","ast-disable-related-posts":"","theme-transparent-header-meta":"","adv-header-id-meta":"","stick-header-meta":"","header-above-stick-meta":"","header-main-stick-meta":"","header-below-stick-meta":"","astra-migrate-meta-layouts":"default","ast-page-background-enabled":"default","ast-page-background-meta":{"desktop":{"background-color":"","background-image":"","background-repeat":"repeat","background-position":"center center","background-size":"auto","background-attachment":"scroll","background-type":"","background-media":"","overlay-type":"","overlay-color":"","overlay-opacity":"","overlay-gradient":""},"tablet":{"background-color":"","background-image":"","background-repeat":"repeat","background-position":"center center","background-size":"auto","background-attachment":"scroll","background-type":"","background-media":"","overlay-type":"","overlay-color":"","overlay-opacity":"","overlay-gradient":""},"mobile":{"background-color":"","background-image":"","background-repeat":"repeat","background-position":"center center","background-size":"auto","background-attachment":"scroll","background-type":"","background-media":"","overlay-type":"","overlay-color":"","overlay-opacity":"","overlay-gradient":""}},"ast-content-background-meta":{"desktop":{"background-color":"var(--ast-global-color-5)","background-image":"","background-repeat":"repeat","background-position":"center center","background-size":"auto","background-attachment":"scroll","background-type":"","background-media":"","overlay-type":"","overlay-color":"","overlay-opacity":"","overlay-gradient":""},"tablet":{"background-color":"var(--ast-global-color-5)","background-image":"","background-repeat":"repeat","background-position":"center center","background-size":"auto","background-attachment":"scroll","background-type":"","background-media":"","overlay-type":"","overlay-color":"","overlay-opacity":"","overlay-gradient":""},"mobile":{"background-color":"var(--ast-global-color-5)","background-image":"","background-repeat":"repeat","background-position":"center center","background-size":"auto","background-attachment":"scroll","background-type":"","background-media":"","overlay-type":"","overlay-color":"","overlay-opacity":"","overlay-gradient":""}},"footnotes":""},"class_list":["post-464","page","type-page","status-publish","hentry"],"yoast_head":"<!-- This site is optimized with the Yoast SEO plugin v27.4 - https:\/\/yoast.com\/product\/yoast-seo-wordpress\/ -->\n<title>Mentions l\u00e9gales - Swame Avis<\/title>\n<meta name=\"robots\" content=\"index, follow, max-snippet:-1, max-image-preview:large, max-video-preview:-1\" \/>\n<link rel=\"canonical\" href=\"https:\/\/topyfans.com\/es\/avisos-legales\/\" \/>\n<meta property=\"og:locale\" content=\"es_ES\" \/>\n<meta property=\"og:type\" content=\"article\" \/>\n<meta property=\"og:title\" content=\"Mentions l\u00e9gales - Swame Avis\" \/>\n<meta property=\"og:description\" content=\"IDENTIT\u00c9 Nom du site web : TopyFansAdresse du site : https:\/\/topyfans.com Propri\u00e9taire&nbsp;: TuringMedia \u2013 SASU H\u00e9bergement : OVH \u2013 2 Rue Kellermann, 59100 Roubaix CONDITIONS D\u2019UTILISATION L\u2019utilisation du pr\u00e9sent site implique l\u2019acceptation pleine et enti\u00e8re des conditions g\u00e9n\u00e9rales d\u2019utilisation d\u00e9crites ci-apr\u00e8s. Ces conditions d\u2019utilisation sont susceptibles d\u2019\u00eatre modifi\u00e9es ou compl\u00e9t\u00e9es \u00e0 tout moment. INFORMATIONS Les [&hellip;]\" \/>\n<meta property=\"og:url\" content=\"https:\/\/topyfans.com\/es\/avisos-legales\/\" \/>\n<meta property=\"og:site_name\" content=\"Swame Avis\" \/>\n<meta property=\"article:modified_time\" content=\"2023-02-21T14:12:39+00:00\" \/>\n<meta name=\"twitter:card\" content=\"summary_large_image\" \/>\n<meta name=\"twitter:label1\" content=\"Tiempo de lectura\" \/>\n\t<meta name=\"twitter:data1\" content=\"3 minutos\" \/>\n<script type=\"application\/ld+json\" class=\"yoast-schema-graph\">{\"@context\":\"https:\\\/\\\/schema.org\",\"@graph\":[{\"@type\":\"WebPage\",\"@id\":\"https:\\\/\\\/topyfans.com\\\/mentions-legales\\\/\",\"url\":\"https:\\\/\\\/topyfans.com\\\/mentions-legales\\\/\",\"name\":\"Mentions l\u00e9gales - Swame Avis\",\"isPartOf\":{\"@id\":\"https:\\\/\\\/topyfans.com\\\/#website\"},\"datePublished\":\"2023-02-14T08:11:22+00:00\",\"dateModified\":\"2023-02-21T14:12:39+00:00\",\"breadcrumb\":{\"@id\":\"https:\\\/\\\/topyfans.com\\\/mentions-legales\\\/#breadcrumb\"},\"inLanguage\":\"es\",\"potentialAction\":[{\"@type\":\"ReadAction\",\"target\":[\"https:\\\/\\\/topyfans.com\\\/mentions-legales\\\/\"]}]},{\"@type\":\"BreadcrumbList\",\"@id\":\"https:\\\/\\\/topyfans.com\\\/mentions-legales\\\/#breadcrumb\",\"itemListElement\":[{\"@type\":\"ListItem\",\"position\":1,\"name\":\"Accueil\",\"item\":\"https:\\\/\\\/topyfans.com\\\/\"},{\"@type\":\"ListItem\",\"position\":2,\"name\":\"Mentions l\u00e9gales\"}]},{\"@type\":\"WebSite\",\"@id\":\"https:\\\/\\\/topyfans.com\\\/#website\",\"url\":\"https:\\\/\\\/topyfans.com\\\/\",\"name\":\"Swame Avis\",\"description\":\"\",\"publisher\":{\"@id\":\"https:\\\/\\\/topyfans.com\\\/#organization\"},\"potentialAction\":[{\"@type\":\"SearchAction\",\"target\":{\"@type\":\"EntryPoint\",\"urlTemplate\":\"https:\\\/\\\/topyfans.com\\\/?s={search_term_string}\"},\"query-input\":{\"@type\":\"PropertyValueSpecification\",\"valueRequired\":true,\"valueName\":\"search_term_string\"}}],\"inLanguage\":\"es\"},{\"@type\":\"Organization\",\"@id\":\"https:\\\/\\\/topyfans.com\\\/#organization\",\"name\":\"Swame Avis\",\"url\":\"https:\\\/\\\/topyfans.com\\\/\",\"logo\":{\"@type\":\"ImageObject\",\"inLanguage\":\"es\",\"@id\":\"https:\\\/\\\/topyfans.com\\\/#\\\/schema\\\/logo\\\/image\\\/\",\"url\":\"https:\\\/\\\/topyfans.com\\\/wp-content\\\/uploads\\\/2024\\\/06\\\/logo-1.jpg\",\"contentUrl\":\"https:\\\/\\\/topyfans.com\\\/wp-content\\\/uploads\\\/2024\\\/06\\\/logo-1.jpg\",\"width\":317,\"height\":48,\"caption\":\"Swame Avis\"},\"image\":{\"@id\":\"https:\\\/\\\/topyfans.com\\\/#\\\/schema\\\/logo\\\/image\\\/\"}}]}<\/script>\n<!-- \/ Yoast SEO plugin. -->","yoast_head_json":{"title":"Aviso legal - Swame Avis","robots":{"index":"index","follow":"follow","max-snippet":"max-snippet:-1","max-image-preview":"max-image-preview:large","max-video-preview":"max-video-preview:-1"},"canonical":"https:\/\/topyfans.com\/es\/avisos-legales\/","og_locale":"es_ES","og_type":"article","og_title":"Mentions l\u00e9gales - Swame Avis","og_description":"IDENTIT\u00c9 Nom du site web : TopyFansAdresse du site : https:\/\/topyfans.com Propri\u00e9taire&nbsp;: TuringMedia \u2013 SASU H\u00e9bergement : OVH \u2013 2 Rue Kellermann, 59100 Roubaix CONDITIONS D\u2019UTILISATION L\u2019utilisation du pr\u00e9sent site implique l\u2019acceptation pleine et enti\u00e8re des conditions g\u00e9n\u00e9rales d\u2019utilisation d\u00e9crites ci-apr\u00e8s. Ces conditions d\u2019utilisation sont susceptibles d\u2019\u00eatre modifi\u00e9es ou compl\u00e9t\u00e9es \u00e0 tout moment. INFORMATIONS Les [&hellip;]","og_url":"https:\/\/topyfans.com\/es\/avisos-legales\/","og_site_name":"Swame Avis","article_modified_time":"2023-02-21T14:12:39+00:00","twitter_card":"summary_large_image","twitter_misc":{"Tiempo de lectura":"3 minutos"},"schema":{"@context":"https:\/\/schema.org","@graph":[{"@type":"WebPage","@id":"https:\/\/topyfans.com\/mentions-legales\/","url":"https:\/\/topyfans.com\/mentions-legales\/","name":"Aviso legal - Swame Avis","isPartOf":{"@id":"https:\/\/topyfans.com\/#website"},"datePublished":"2023-02-14T08:11:22+00:00","dateModified":"2023-02-21T14:12:39+00:00","breadcrumb":{"@id":"https:\/\/topyfans.com\/mentions-legales\/#breadcrumb"},"inLanguage":"es","potentialAction":[{"@type":"ReadAction","target":["https:\/\/topyfans.com\/mentions-legales\/"]}]},{"@type":"BreadcrumbList","@id":"https:\/\/topyfans.com\/mentions-legales\/#breadcrumb","itemListElement":[{"@type":"ListItem","position":1,"name":"Accueil","item":"https:\/\/topyfans.com\/"},{"@type":"ListItem","position":2,"name":"Mentions l\u00e9gales"}]},{"@type":"WebSite","@id":"https:\/\/topyfans.com\/#website","url":"https:\/\/topyfans.com\/","name":"Swame Avis","description":"","publisher":{"@id":"https:\/\/topyfans.com\/#organization"},"potentialAction":[{"@type":"SearchAction","target":{"@type":"EntryPoint","urlTemplate":"https:\/\/topyfans.com\/?s={search_term_string}"},"query-input":{"@type":"PropertyValueSpecification","valueRequired":true,"valueName":"search_term_string"}}],"inLanguage":"es"},{"@type":"Organization","@id":"https:\/\/topyfans.com\/#organization","name":"Swame Avis","url":"https:\/\/topyfans.com\/","logo":{"@type":"ImageObject","inLanguage":"es","@id":"https:\/\/topyfans.com\/#\/schema\/logo\/image\/","url":"https:\/\/topyfans.com\/wp-content\/uploads\/2024\/06\/logo-1.jpg","contentUrl":"https:\/\/topyfans.com\/wp-content\/uploads\/2024\/06\/logo-1.jpg","width":317,"height":48,"caption":"Swame Avis"},"image":{"@id":"https:\/\/topyfans.com\/#\/schema\/logo\/image\/"}}]}},"_links":{"self":[{"href":"https:\/\/topyfans.com\/es\/wp-json\/wp\/v2\/pages\/464","targetHints":{"allow":["GET"]}}],"collection":[{"href":"https:\/\/topyfans.com\/es\/wp-json\/wp\/v2\/pages"}],"about":[{"href":"https:\/\/topyfans.com\/es\/wp-json\/wp\/v2\/types\/page"}],"author":[{"embeddable":true,"href":"https:\/\/topyfans.com\/es\/wp-json\/wp\/v2\/users\/1"}],"replies":[{"embeddable":true,"href":"https:\/\/topyfans.com\/es\/wp-json\/wp\/v2\/comments?post=464"}],"version-history":[{"count":2,"href":"https:\/\/topyfans.com\/es\/wp-json\/wp\/v2\/pages\/464\/revisions"}],"predecessor-version":[{"id":469,"href":"https:\/\/topyfans.com\/es\/wp-json\/wp\/v2\/pages\/464\/revisions\/469"}],"wp:attachment":[{"href":"https:\/\/topyfans.com\/es\/wp-json\/wp\/v2\/media?parent=464"}],"curies":[{"name":"wp","href":"https:\/\/api.w.org\/{rel}","templated":true}]}}