{"id":464,"date":"2023-02-14T09:11:22","date_gmt":"2023-02-14T08:11:22","guid":{"rendered":"https:\/\/swameavis.com\/?page_id=464"},"modified":"2023-02-21T15:12:39","modified_gmt":"2023-02-21T14:12:39","slug":"mentions-legales","status":"publish","type":"page","link":"https:\/\/topyfans.com\/it\/mentions-legales\/","title":{"rendered":"Informazioni legali"},"content":{"rendered":"<h2 class=\"wp-block-heading\">IDENTIT\u00c0<\/h2>\n\n\n\n<p>Nome del sito web: TopyFans<br>Indirizzo del sito web: https:\/\/topyfans.com<\/p>\n\n\n\n<p>Proprietario: TuringMedia - SASU<\/p>\n\n\n\n<p>Hosting : OVH - 2 Rue Kellermann, 59100 Roubaix<\/p>\n\n\n\n<h2 class=\"wp-block-heading\">CONDIZIONI DI UTILIZZO<\/h2>\n\n\n\n<p>L'utilizzo di questo sito implica la piena accettazione delle condizioni generali di utilizzo descritte di seguito. Queste condizioni di utilizzo possono essere modificate o completate in qualsiasi momento.<\/p>\n\n\n\n<h3 class=\"wp-block-heading\">INFORMAZIONI<\/h3>\n\n\n\n<p>Le informazioni e i documenti presenti sul sito sono presentati a titolo puramente informativo, senza alcun carattere di esaustivit\u00e0, e non possono impegnare la responsabilit\u00e0 del proprietario del sito.<\/p>\n\n\n\n<p>Il proprietario del sito non pu\u00f2 essere ritenuto responsabile di eventuali danni diretti o indiretti derivanti dall'accesso al sito.<\/p>\n\n\n\n<h3 class=\"wp-block-heading\">INTERATTIVIT\u00c0<\/h3>\n\n\n\n<p>Gli utenti del sito possono depositare i contenuti che appaiono sul sito in spazi dedicati (in particolare attraverso i commenti). I contenuti pubblicati rimangono sotto la responsabilit\u00e0 dei loro autori, che se ne assumono la piena responsabilit\u00e0 legale.<\/p>\n\n\n\n<p>Il titolare del sito si riserva comunque il diritto di ritirare senza preavviso e senza giustificazione alcuna i contenuti inviati dagli utenti che non siano conformi alla carta etica del sito o alla legislazione vigente.<\/p>\n\n\n\n<h3 class=\"wp-block-heading\">PROPRIET\u00c0 INTELLETTUALE<\/h3>\n\n\n\n<p>Salvo diversa indicazione, tutti gli elementi accessibili sul sito (testi, immagini, grafici, loghi, icone, suoni, software, ecc.) rimangono di propriet\u00e0 esclusiva dei loro autori, per quanto riguarda i diritti di propriet\u00e0 intellettuale o di utilizzo.&nbsp;<sup><a href=\"https:\/\/www.webexpress.fr\/actualite\/focus\/modele-de-mentions-legales-complet-et-gratuit\/#fn-7013-1\">1<\/a><\/sup><\/p>\n\n\n\n<p>\u00c8 vietata la riproduzione, la rappresentazione, la modifica, la pubblicazione, l'adattamento di tutti o parte degli elementi del sito, qualunque sia il mezzo o il processo utilizzato, salvo previa autorizzazione scritta dell'autore.<\/p>\n\n\n\n<p>Qualsiasi utilizzo non autorizzato del sito o di qualsiasi elemento in esso contenuto \u00e8 considerato una violazione e pu\u00f2 essere perseguito penalmente.<\/p>\n\n\n\n<p>I marchi e i loghi riprodotti sul sito sono registrati dalle aziende che li possiedono.<\/p>\n\n\n\n<h3 class=\"wp-block-heading\">LINK<\/h3>\n\n\n\n<p><strong>Collegamenti in uscita<\/strong><br>Il titolare del sito declina ogni responsabilit\u00e0 e non si impegna a fare riferimento, tramite collegamenti ipertestuali, a risorse di terzi presenti sulla rete Internet, sia per quanto riguarda il loro contenuto che la loro pertinenza.<\/p>\n\n\n\n<p><strong>Link in arrivo<\/strong><br>Il proprietario del sito autorizza i collegamenti ipertestuali a qualsiasi pagina di questo sito, a condizione che questi aprano una nuova finestra e siano presentati in modo inequivocabile al fine di evitare :<\/p>\n\n\n\n<ul class=\"wp-block-list\">\n<li>qualsiasi rischio di confusione tra il sito che cita e il proprietario del sito stesso<\/li>\n\n\n\n<li>nonch\u00e9 qualsiasi presentazione tendenziosa o contraria alle leggi vigenti.<\/li>\n<\/ul>\n\n\n\n<p>Il proprietario del sito si riserva il diritto di richiedere la rimozione di un link se ritiene che il sito di origine non rispetti le regole cos\u00ec definite.<\/p>\n\n\n\n<h3 class=\"wp-block-heading\">RISERVATEZZA<\/h3>\n\n\n\n<p>Ogni utente ha il diritto di accedere, rettificare e opporsi ai dati personali che lo riguardano, presentando una richiesta scritta e firmata, accompagnata da un documento di identit\u00e0.<\/p>\n\n\n\n<p>Il sito non raccoglie informazioni personali e non \u00e8 soggetto a dichiarazione alla CNIL. (Sostituito dalle disposizioni del RGPD)<\/p>","protected":false},"excerpt":{"rendered":"<p>IDENTIT\u00c9 Nom du site web : TopyFansAdresse du site : https:\/\/topyfans.com Propri\u00e9taire&nbsp;: TuringMedia \u2013 SASU H\u00e9bergement : OVH \u2013 2 Rue Kellermann, 59100 Roubaix CONDITIONS D\u2019UTILISATION L\u2019utilisation du pr\u00e9sent site implique l\u2019acceptation pleine et enti\u00e8re des conditions g\u00e9n\u00e9rales d\u2019utilisation d\u00e9crites ci-apr\u00e8s. Ces conditions d\u2019utilisation sont susceptibles d\u2019\u00eatre modifi\u00e9es ou compl\u00e9t\u00e9es \u00e0 tout moment. INFORMATIONS Les [&hellip;]<\/p>\n","protected":false},"author":1,"featured_media":0,"parent":0,"menu_order":0,"comment_status":"closed","ping_status":"closed","template":"","meta":{"site-sidebar-layout":"default","site-content-layout":"","ast-site-content-layout":"default","site-content-style":"default","site-sidebar-style":"default","ast-global-header-display":"","ast-banner-title-visibility":"","ast-main-header-display":"","ast-hfb-above-header-display":"","ast-hfb-below-header-display":"","ast-hfb-mobile-header-display":"","site-post-title":"","ast-breadcrumbs-content":"","ast-featured-img":"","footer-sml-layout":"","ast-disable-related-posts":"","theme-transparent-header-meta":"","adv-header-id-meta":"","stick-header-meta":"","header-above-stick-meta":"","header-main-stick-meta":"","header-below-stick-meta":"","astra-migrate-meta-layouts":"default","ast-page-background-enabled":"default","ast-page-background-meta":{"desktop":{"background-color":"","background-image":"","background-repeat":"repeat","background-position":"center center","background-size":"auto","background-attachment":"scroll","background-type":"","background-media":"","overlay-type":"","overlay-color":"","overlay-opacity":"","overlay-gradient":""},"tablet":{"background-color":"","background-image":"","background-repeat":"repeat","background-position":"center center","background-size":"auto","background-attachment":"scroll","background-type":"","background-media":"","overlay-type":"","overlay-color":"","overlay-opacity":"","overlay-gradient":""},"mobile":{"background-color":"","background-image":"","background-repeat":"repeat","background-position":"center center","background-size":"auto","background-attachment":"scroll","background-type":"","background-media":"","overlay-type":"","overlay-color":"","overlay-opacity":"","overlay-gradient":""}},"ast-content-background-meta":{"desktop":{"background-color":"var(--ast-global-color-5)","background-image":"","background-repeat":"repeat","background-position":"center center","background-size":"auto","background-attachment":"scroll","background-type":"","background-media":"","overlay-type":"","overlay-color":"","overlay-opacity":"","overlay-gradient":""},"tablet":{"background-color":"var(--ast-global-color-5)","background-image":"","background-repeat":"repeat","background-position":"center center","background-size":"auto","background-attachment":"scroll","background-type":"","background-media":"","overlay-type":"","overlay-color":"","overlay-opacity":"","overlay-gradient":""},"mobile":{"background-color":"var(--ast-global-color-5)","background-image":"","background-repeat":"repeat","background-position":"center center","background-size":"auto","background-attachment":"scroll","background-type":"","background-media":"","overlay-type":"","overlay-color":"","overlay-opacity":"","overlay-gradient":""}},"footnotes":""},"class_list":["post-464","page","type-page","status-publish","hentry"],"yoast_head":"<!-- This site is optimized with the Yoast SEO plugin v27.4 - https:\/\/yoast.com\/product\/yoast-seo-wordpress\/ -->\n<title>Mentions l\u00e9gales - Swame Avis<\/title>\n<meta name=\"robots\" content=\"index, follow, max-snippet:-1, max-image-preview:large, max-video-preview:-1\" \/>\n<link rel=\"canonical\" href=\"https:\/\/topyfans.com\/it\/avvisi-legali\/\" \/>\n<meta property=\"og:locale\" content=\"it_IT\" \/>\n<meta property=\"og:type\" content=\"article\" \/>\n<meta property=\"og:title\" content=\"Mentions l\u00e9gales - Swame Avis\" \/>\n<meta property=\"og:description\" content=\"IDENTIT\u00c9 Nom du site web : TopyFansAdresse du site : https:\/\/topyfans.com Propri\u00e9taire&nbsp;: TuringMedia \u2013 SASU H\u00e9bergement : OVH \u2013 2 Rue Kellermann, 59100 Roubaix CONDITIONS D\u2019UTILISATION L\u2019utilisation du pr\u00e9sent site implique l\u2019acceptation pleine et enti\u00e8re des conditions g\u00e9n\u00e9rales d\u2019utilisation d\u00e9crites ci-apr\u00e8s. Ces conditions d\u2019utilisation sont susceptibles d\u2019\u00eatre modifi\u00e9es ou compl\u00e9t\u00e9es \u00e0 tout moment. INFORMATIONS Les [&hellip;]\" \/>\n<meta property=\"og:url\" content=\"https:\/\/topyfans.com\/it\/avvisi-legali\/\" \/>\n<meta property=\"og:site_name\" content=\"Swame Avis\" \/>\n<meta property=\"article:modified_time\" content=\"2023-02-21T14:12:39+00:00\" \/>\n<meta name=\"twitter:card\" content=\"summary_large_image\" \/>\n<meta name=\"twitter:label1\" content=\"Tempo di lettura stimato\" \/>\n\t<meta name=\"twitter:data1\" content=\"3 minuti\" \/>\n<script type=\"application\/ld+json\" class=\"yoast-schema-graph\">{\"@context\":\"https:\\\/\\\/schema.org\",\"@graph\":[{\"@type\":\"WebPage\",\"@id\":\"https:\\\/\\\/topyfans.com\\\/mentions-legales\\\/\",\"url\":\"https:\\\/\\\/topyfans.com\\\/mentions-legales\\\/\",\"name\":\"Mentions l\u00e9gales - Swame Avis\",\"isPartOf\":{\"@id\":\"https:\\\/\\\/topyfans.com\\\/#website\"},\"datePublished\":\"2023-02-14T08:11:22+00:00\",\"dateModified\":\"2023-02-21T14:12:39+00:00\",\"breadcrumb\":{\"@id\":\"https:\\\/\\\/topyfans.com\\\/mentions-legales\\\/#breadcrumb\"},\"inLanguage\":\"it-IT\",\"potentialAction\":[{\"@type\":\"ReadAction\",\"target\":[\"https:\\\/\\\/topyfans.com\\\/mentions-legales\\\/\"]}]},{\"@type\":\"BreadcrumbList\",\"@id\":\"https:\\\/\\\/topyfans.com\\\/mentions-legales\\\/#breadcrumb\",\"itemListElement\":[{\"@type\":\"ListItem\",\"position\":1,\"name\":\"Accueil\",\"item\":\"https:\\\/\\\/topyfans.com\\\/\"},{\"@type\":\"ListItem\",\"position\":2,\"name\":\"Mentions l\u00e9gales\"}]},{\"@type\":\"WebSite\",\"@id\":\"https:\\\/\\\/topyfans.com\\\/#website\",\"url\":\"https:\\\/\\\/topyfans.com\\\/\",\"name\":\"Swame Avis\",\"description\":\"\",\"publisher\":{\"@id\":\"https:\\\/\\\/topyfans.com\\\/#organization\"},\"potentialAction\":[{\"@type\":\"SearchAction\",\"target\":{\"@type\":\"EntryPoint\",\"urlTemplate\":\"https:\\\/\\\/topyfans.com\\\/?s={search_term_string}\"},\"query-input\":{\"@type\":\"PropertyValueSpecification\",\"valueRequired\":true,\"valueName\":\"search_term_string\"}}],\"inLanguage\":\"it-IT\"},{\"@type\":\"Organization\",\"@id\":\"https:\\\/\\\/topyfans.com\\\/#organization\",\"name\":\"Swame Avis\",\"url\":\"https:\\\/\\\/topyfans.com\\\/\",\"logo\":{\"@type\":\"ImageObject\",\"inLanguage\":\"it-IT\",\"@id\":\"https:\\\/\\\/topyfans.com\\\/#\\\/schema\\\/logo\\\/image\\\/\",\"url\":\"https:\\\/\\\/topyfans.com\\\/wp-content\\\/uploads\\\/2024\\\/06\\\/logo-1.jpg\",\"contentUrl\":\"https:\\\/\\\/topyfans.com\\\/wp-content\\\/uploads\\\/2024\\\/06\\\/logo-1.jpg\",\"width\":317,\"height\":48,\"caption\":\"Swame Avis\"},\"image\":{\"@id\":\"https:\\\/\\\/topyfans.com\\\/#\\\/schema\\\/logo\\\/image\\\/\"}}]}<\/script>\n<!-- \/ Yoast SEO plugin. -->","yoast_head_json":{"title":"Avviso legale - Swame Avis","robots":{"index":"index","follow":"follow","max-snippet":"max-snippet:-1","max-image-preview":"max-image-preview:large","max-video-preview":"max-video-preview:-1"},"canonical":"https:\/\/topyfans.com\/it\/avvisi-legali\/","og_locale":"it_IT","og_type":"article","og_title":"Mentions l\u00e9gales - Swame Avis","og_description":"IDENTIT\u00c9 Nom du site web : TopyFansAdresse du site : https:\/\/topyfans.com Propri\u00e9taire&nbsp;: TuringMedia \u2013 SASU H\u00e9bergement : OVH \u2013 2 Rue Kellermann, 59100 Roubaix CONDITIONS D\u2019UTILISATION L\u2019utilisation du pr\u00e9sent site implique l\u2019acceptation pleine et enti\u00e8re des conditions g\u00e9n\u00e9rales d\u2019utilisation d\u00e9crites ci-apr\u00e8s. Ces conditions d\u2019utilisation sont susceptibles d\u2019\u00eatre modifi\u00e9es ou compl\u00e9t\u00e9es \u00e0 tout moment. INFORMATIONS Les [&hellip;]","og_url":"https:\/\/topyfans.com\/it\/avvisi-legali\/","og_site_name":"Swame Avis","article_modified_time":"2023-02-21T14:12:39+00:00","twitter_card":"summary_large_image","twitter_misc":{"Tempo di lettura stimato":"3 minuti"},"schema":{"@context":"https:\/\/schema.org","@graph":[{"@type":"WebPage","@id":"https:\/\/topyfans.com\/mentions-legales\/","url":"https:\/\/topyfans.com\/mentions-legales\/","name":"Avviso legale - Swame Avis","isPartOf":{"@id":"https:\/\/topyfans.com\/#website"},"datePublished":"2023-02-14T08:11:22+00:00","dateModified":"2023-02-21T14:12:39+00:00","breadcrumb":{"@id":"https:\/\/topyfans.com\/mentions-legales\/#breadcrumb"},"inLanguage":"it-IT","potentialAction":[{"@type":"ReadAction","target":["https:\/\/topyfans.com\/mentions-legales\/"]}]},{"@type":"BreadcrumbList","@id":"https:\/\/topyfans.com\/mentions-legales\/#breadcrumb","itemListElement":[{"@type":"ListItem","position":1,"name":"Accueil","item":"https:\/\/topyfans.com\/"},{"@type":"ListItem","position":2,"name":"Mentions l\u00e9gales"}]},{"@type":"WebSite","@id":"https:\/\/topyfans.com\/#website","url":"https:\/\/topyfans.com\/","name":"Swame Avis","description":"","publisher":{"@id":"https:\/\/topyfans.com\/#organization"},"potentialAction":[{"@type":"SearchAction","target":{"@type":"EntryPoint","urlTemplate":"https:\/\/topyfans.com\/?s={search_term_string}"},"query-input":{"@type":"PropertyValueSpecification","valueRequired":true,"valueName":"search_term_string"}}],"inLanguage":"it-IT"},{"@type":"Organization","@id":"https:\/\/topyfans.com\/#organization","name":"Swame Avis","url":"https:\/\/topyfans.com\/","logo":{"@type":"ImageObject","inLanguage":"it-IT","@id":"https:\/\/topyfans.com\/#\/schema\/logo\/image\/","url":"https:\/\/topyfans.com\/wp-content\/uploads\/2024\/06\/logo-1.jpg","contentUrl":"https:\/\/topyfans.com\/wp-content\/uploads\/2024\/06\/logo-1.jpg","width":317,"height":48,"caption":"Swame Avis"},"image":{"@id":"https:\/\/topyfans.com\/#\/schema\/logo\/image\/"}}]}},"_links":{"self":[{"href":"https:\/\/topyfans.com\/it\/wp-json\/wp\/v2\/pages\/464","targetHints":{"allow":["GET"]}}],"collection":[{"href":"https:\/\/topyfans.com\/it\/wp-json\/wp\/v2\/pages"}],"about":[{"href":"https:\/\/topyfans.com\/it\/wp-json\/wp\/v2\/types\/page"}],"author":[{"embeddable":true,"href":"https:\/\/topyfans.com\/it\/wp-json\/wp\/v2\/users\/1"}],"replies":[{"embeddable":true,"href":"https:\/\/topyfans.com\/it\/wp-json\/wp\/v2\/comments?post=464"}],"version-history":[{"count":2,"href":"https:\/\/topyfans.com\/it\/wp-json\/wp\/v2\/pages\/464\/revisions"}],"predecessor-version":[{"id":469,"href":"https:\/\/topyfans.com\/it\/wp-json\/wp\/v2\/pages\/464\/revisions\/469"}],"wp:attachment":[{"href":"https:\/\/topyfans.com\/it\/wp-json\/wp\/v2\/media?parent=464"}],"curies":[{"name":"wp","href":"https:\/\/api.w.org\/{rel}","templated":true}]}}