{"id":464,"date":"2023-02-14T09:11:22","date_gmt":"2023-02-14T08:11:22","guid":{"rendered":"https:\/\/swameavis.com\/?page_id=464"},"modified":"2023-02-21T15:12:39","modified_gmt":"2023-02-21T14:12:39","slug":"mentions-legales","status":"publish","type":"page","link":"https:\/\/topyfans.com\/pt\/mentions-legales\/","title":{"rendered":"Informa\u00e7\u00e3o legal"},"content":{"rendered":"<h2 class=\"wp-block-heading\">IDENTIDADE<\/h2>\n\n\n\n<p>Nome do website: TopyFans<br>Endere\u00e7o do s\u00edtio Web: https:\/\/topyfans.com<\/p>\n\n\n\n<p>Propriet\u00e1rio: TuringMedia - SASU<\/p>\n\n\n\n<p>Alojamento : OVH - 2 Rue Kellermann, 59100 Roubaix<\/p>\n\n\n\n<h2 class=\"wp-block-heading\">CONDI\u00c7\u00d5ES DE UTILIZA\u00c7\u00c3O<\/h2>\n\n\n\n<p>A utiliza\u00e7\u00e3o deste site implica a aceita\u00e7\u00e3o total das condi\u00e7\u00f5es gerais de utiliza\u00e7\u00e3o descritas abaixo. Estas condi\u00e7\u00f5es de utiliza\u00e7\u00e3o podem ser modificadas ou completadas em qualquer altura.<\/p>\n\n\n\n<h3 class=\"wp-block-heading\">INFORMA\u00c7\u00c3O<\/h3>\n\n\n\n<p>As informa\u00e7\u00f5es e documentos no site s\u00e3o apresentados apenas para fins informativos, sem qualquer car\u00e1cter exaustivo, e n\u00e3o podem envolver a responsabilidade do propriet\u00e1rio do site.<\/p>\n\n\n\n<p>O propriet\u00e1rio do site n\u00e3o pode ser responsabilizado por qualquer dano directo ou indirecto resultante do acesso ao site.<\/p>\n\n\n\n<h3 class=\"wp-block-heading\">INTERACTIVIDADE<\/h3>\n\n\n\n<p>Os utilizadores do s\u00edtio podem depositar conte\u00fado, aparecendo no s\u00edtio em espa\u00e7os dedicados (em particular atrav\u00e9s dos coment\u00e1rios). O conte\u00fado publicado permanece sob a responsabilidade dos seus autores, que assumem total responsabilidade legal pelo mesmo.<\/p>\n\n\n\n<p>O propriet\u00e1rio do site reserva-se no entanto o direito de retirar sem aviso pr\u00e9vio e sem justifica\u00e7\u00e3o qualquer conte\u00fado apresentado pelos utilizadores que n\u00e3o cumpra a carta \u00e9tica do site ou a legisla\u00e7\u00e3o em vigor.<\/p>\n\n\n\n<h3 class=\"wp-block-heading\">PROPRIEDADE INTELECTUAL<\/h3>\n\n\n\n<p>Salvo indica\u00e7\u00e3o em contr\u00e1rio, todos os elementos acess\u00edveis no site (textos, imagens, gr\u00e1ficos, logotipos, \u00edcones, sons, software, etc.) continuam a ser propriedade exclusiva dos seus autores, no que respeita aos direitos de propriedade intelectual ou direitos de utiliza\u00e7\u00e3o.&nbsp;<sup><a href=\"https:\/\/www.webexpress.fr\/actualite\/focus\/modele-de-mentions-legales-complet-et-gratuit\/#fn-7013-1\">1<\/a><\/sup><\/p>\n\n\n\n<p>\u00c9 proibida qualquer reprodu\u00e7\u00e3o, representa\u00e7\u00e3o, modifica\u00e7\u00e3o, publica\u00e7\u00e3o, adapta\u00e7\u00e3o de todos ou parte dos elementos do s\u00edtio, qualquer que seja o meio ou o processo utilizado, excepto autoriza\u00e7\u00e3o pr\u00e9via por escrito do autor.<\/p>\n\n\n\n<p>Qualquer utiliza\u00e7\u00e3o n\u00e3o autorizada do site ou de qualquer dos elementos nele contidos \u00e9 considerada como constituindo uma infrac\u00e7\u00e3o e pode ser objecto de processo judicial.<\/p>\n\n\n\n<p>As marcas e log\u00f3tipos reproduzidos no site s\u00e3o registados pelas empresas que os possuem.<\/p>\n\n\n\n<h3 class=\"wp-block-heading\">LINKS<\/h3>\n\n\n\n<p><strong>Liga\u00e7\u00f5es de sa\u00edda<\/strong><br>O propriet\u00e1rio do site declina toda a responsabilidade e n\u00e3o se compromete com a referencia\u00e7\u00e3o atrav\u00e9s de liga\u00e7\u00f5es de hipertexto, de recursos de terceiros presentes na rede Internet, tanto no que respeita ao seu conte\u00fado como \u00e0 sua relev\u00e2ncia.<\/p>\n\n\n\n<p><strong>Links de entrada<\/strong><br>O propriet\u00e1rio do site autoriza hiperliga\u00e7\u00f5es para uma das p\u00e1ginas deste site, desde que estas abram uma nova janela e sejam apresentadas de uma forma inequ\u00edvoca, a fim de evitar :<\/p>\n\n\n\n<ul class=\"wp-block-list\">\n<li>qualquer risco de confus\u00e3o entre o site de cita\u00e7\u00e3o e o propriet\u00e1rio do site<\/li>\n\n\n\n<li>bem como qualquer apresenta\u00e7\u00e3o tendenciosa ou contr\u00e1ria \u00e0s leis em vigor.<\/li>\n<\/ul>\n\n\n\n<p>O propriet\u00e1rio do site reserva-se o direito de solicitar a remo\u00e7\u00e3o de um link se considerar que o site fonte n\u00e3o respeita as regras assim definidas.<\/p>\n\n\n\n<h3 class=\"wp-block-heading\">CONFIDENCIALIDADE<\/h3>\n\n\n\n<p>Qualquer utilizador tem o direito de aceder, rectificar e opor-se a quaisquer dados pessoais que lhe digam respeito, fazendo um pedido escrito e assinado, acompanhado de prova de identidade.<\/p>\n\n\n\n<p>O s\u00edtio n\u00e3o recolhe informa\u00e7\u00f5es pessoais, e n\u00e3o est\u00e1 sujeito a declara\u00e7\u00e3o \u00e0 CNIL. (Substitu\u00eddo pelas disposi\u00e7\u00f5es do RGPD)<\/p>","protected":false},"excerpt":{"rendered":"<p>IDENTIT\u00c9 Nom du site web : TopyFansAdresse du site : https:\/\/topyfans.com Propri\u00e9taire&nbsp;: TuringMedia \u2013 SASU H\u00e9bergement : OVH \u2013 2 Rue Kellermann, 59100 Roubaix CONDITIONS D\u2019UTILISATION L\u2019utilisation du pr\u00e9sent site implique l\u2019acceptation pleine et enti\u00e8re des conditions g\u00e9n\u00e9rales d\u2019utilisation d\u00e9crites ci-apr\u00e8s. Ces conditions d\u2019utilisation sont susceptibles d\u2019\u00eatre modifi\u00e9es ou compl\u00e9t\u00e9es \u00e0 tout moment. INFORMATIONS Les [&hellip;]<\/p>\n","protected":false},"author":1,"featured_media":0,"parent":0,"menu_order":0,"comment_status":"closed","ping_status":"closed","template":"","meta":{"site-sidebar-layout":"default","site-content-layout":"","ast-site-content-layout":"default","site-content-style":"default","site-sidebar-style":"default","ast-global-header-display":"","ast-banner-title-visibility":"","ast-main-header-display":"","ast-hfb-above-header-display":"","ast-hfb-below-header-display":"","ast-hfb-mobile-header-display":"","site-post-title":"","ast-breadcrumbs-content":"","ast-featured-img":"","footer-sml-layout":"","ast-disable-related-posts":"","theme-transparent-header-meta":"","adv-header-id-meta":"","stick-header-meta":"","header-above-stick-meta":"","header-main-stick-meta":"","header-below-stick-meta":"","astra-migrate-meta-layouts":"default","ast-page-background-enabled":"default","ast-page-background-meta":{"desktop":{"background-color":"","background-image":"","background-repeat":"repeat","background-position":"center center","background-size":"auto","background-attachment":"scroll","background-type":"","background-media":"","overlay-type":"","overlay-color":"","overlay-opacity":"","overlay-gradient":""},"tablet":{"background-color":"","background-image":"","background-repeat":"repeat","background-position":"center center","background-size":"auto","background-attachment":"scroll","background-type":"","background-media":"","overlay-type":"","overlay-color":"","overlay-opacity":"","overlay-gradient":""},"mobile":{"background-color":"","background-image":"","background-repeat":"repeat","background-position":"center center","background-size":"auto","background-attachment":"scroll","background-type":"","background-media":"","overlay-type":"","overlay-color":"","overlay-opacity":"","overlay-gradient":""}},"ast-content-background-meta":{"desktop":{"background-color":"var(--ast-global-color-5)","background-image":"","background-repeat":"repeat","background-position":"center center","background-size":"auto","background-attachment":"scroll","background-type":"","background-media":"","overlay-type":"","overlay-color":"","overlay-opacity":"","overlay-gradient":""},"tablet":{"background-color":"var(--ast-global-color-5)","background-image":"","background-repeat":"repeat","background-position":"center center","background-size":"auto","background-attachment":"scroll","background-type":"","background-media":"","overlay-type":"","overlay-color":"","overlay-opacity":"","overlay-gradient":""},"mobile":{"background-color":"var(--ast-global-color-5)","background-image":"","background-repeat":"repeat","background-position":"center center","background-size":"auto","background-attachment":"scroll","background-type":"","background-media":"","overlay-type":"","overlay-color":"","overlay-opacity":"","overlay-gradient":""}},"footnotes":""},"class_list":["post-464","page","type-page","status-publish","hentry"],"yoast_head":"<!-- This site is optimized with the Yoast SEO plugin v27.4 - https:\/\/yoast.com\/product\/yoast-seo-wordpress\/ -->\n<title>Mentions l\u00e9gales - Swame Avis<\/title>\n<meta name=\"robots\" content=\"index, follow, max-snippet:-1, max-image-preview:large, max-video-preview:-1\" \/>\n<link rel=\"canonical\" href=\"https:\/\/topyfans.com\/pt\/endossos\/\" \/>\n<meta property=\"og:locale\" content=\"pt_PT\" \/>\n<meta property=\"og:type\" content=\"article\" \/>\n<meta property=\"og:title\" content=\"Mentions l\u00e9gales - Swame Avis\" \/>\n<meta property=\"og:description\" content=\"IDENTIT\u00c9 Nom du site web : TopyFansAdresse du site : https:\/\/topyfans.com Propri\u00e9taire&nbsp;: TuringMedia \u2013 SASU H\u00e9bergement : OVH \u2013 2 Rue Kellermann, 59100 Roubaix CONDITIONS D\u2019UTILISATION L\u2019utilisation du pr\u00e9sent site implique l\u2019acceptation pleine et enti\u00e8re des conditions g\u00e9n\u00e9rales d\u2019utilisation d\u00e9crites ci-apr\u00e8s. Ces conditions d\u2019utilisation sont susceptibles d\u2019\u00eatre modifi\u00e9es ou compl\u00e9t\u00e9es \u00e0 tout moment. INFORMATIONS Les [&hellip;]\" \/>\n<meta property=\"og:url\" content=\"https:\/\/topyfans.com\/pt\/endossos\/\" \/>\n<meta property=\"og:site_name\" content=\"Swame Avis\" \/>\n<meta property=\"article:modified_time\" content=\"2023-02-21T14:12:39+00:00\" \/>\n<meta name=\"twitter:card\" content=\"summary_large_image\" \/>\n<meta name=\"twitter:label1\" content=\"Tempo estimado de leitura\" \/>\n\t<meta name=\"twitter:data1\" content=\"3 minutos\" \/>\n<script type=\"application\/ld+json\" class=\"yoast-schema-graph\">{\"@context\":\"https:\\\/\\\/schema.org\",\"@graph\":[{\"@type\":\"WebPage\",\"@id\":\"https:\\\/\\\/topyfans.com\\\/mentions-legales\\\/\",\"url\":\"https:\\\/\\\/topyfans.com\\\/mentions-legales\\\/\",\"name\":\"Mentions l\u00e9gales - Swame Avis\",\"isPartOf\":{\"@id\":\"https:\\\/\\\/topyfans.com\\\/#website\"},\"datePublished\":\"2023-02-14T08:11:22+00:00\",\"dateModified\":\"2023-02-21T14:12:39+00:00\",\"breadcrumb\":{\"@id\":\"https:\\\/\\\/topyfans.com\\\/mentions-legales\\\/#breadcrumb\"},\"inLanguage\":\"pt-PT\",\"potentialAction\":[{\"@type\":\"ReadAction\",\"target\":[\"https:\\\/\\\/topyfans.com\\\/mentions-legales\\\/\"]}]},{\"@type\":\"BreadcrumbList\",\"@id\":\"https:\\\/\\\/topyfans.com\\\/mentions-legales\\\/#breadcrumb\",\"itemListElement\":[{\"@type\":\"ListItem\",\"position\":1,\"name\":\"Accueil\",\"item\":\"https:\\\/\\\/topyfans.com\\\/\"},{\"@type\":\"ListItem\",\"position\":2,\"name\":\"Mentions l\u00e9gales\"}]},{\"@type\":\"WebSite\",\"@id\":\"https:\\\/\\\/topyfans.com\\\/#website\",\"url\":\"https:\\\/\\\/topyfans.com\\\/\",\"name\":\"Swame Avis\",\"description\":\"\",\"publisher\":{\"@id\":\"https:\\\/\\\/topyfans.com\\\/#organization\"},\"potentialAction\":[{\"@type\":\"SearchAction\",\"target\":{\"@type\":\"EntryPoint\",\"urlTemplate\":\"https:\\\/\\\/topyfans.com\\\/?s={search_term_string}\"},\"query-input\":{\"@type\":\"PropertyValueSpecification\",\"valueRequired\":true,\"valueName\":\"search_term_string\"}}],\"inLanguage\":\"pt-PT\"},{\"@type\":\"Organization\",\"@id\":\"https:\\\/\\\/topyfans.com\\\/#organization\",\"name\":\"Swame Avis\",\"url\":\"https:\\\/\\\/topyfans.com\\\/\",\"logo\":{\"@type\":\"ImageObject\",\"inLanguage\":\"pt-PT\",\"@id\":\"https:\\\/\\\/topyfans.com\\\/#\\\/schema\\\/logo\\\/image\\\/\",\"url\":\"https:\\\/\\\/topyfans.com\\\/wp-content\\\/uploads\\\/2024\\\/06\\\/logo-1.jpg\",\"contentUrl\":\"https:\\\/\\\/topyfans.com\\\/wp-content\\\/uploads\\\/2024\\\/06\\\/logo-1.jpg\",\"width\":317,\"height\":48,\"caption\":\"Swame Avis\"},\"image\":{\"@id\":\"https:\\\/\\\/topyfans.com\\\/#\\\/schema\\\/logo\\\/image\\\/\"}}]}<\/script>\n<!-- \/ Yoast SEO plugin. -->","yoast_head_json":{"title":"Aviso legal - Swame Avis","robots":{"index":"index","follow":"follow","max-snippet":"max-snippet:-1","max-image-preview":"max-image-preview:large","max-video-preview":"max-video-preview:-1"},"canonical":"https:\/\/topyfans.com\/pt\/endossos\/","og_locale":"pt_PT","og_type":"article","og_title":"Mentions l\u00e9gales - Swame Avis","og_description":"IDENTIT\u00c9 Nom du site web : TopyFansAdresse du site : https:\/\/topyfans.com Propri\u00e9taire&nbsp;: TuringMedia \u2013 SASU H\u00e9bergement : OVH \u2013 2 Rue Kellermann, 59100 Roubaix CONDITIONS D\u2019UTILISATION L\u2019utilisation du pr\u00e9sent site implique l\u2019acceptation pleine et enti\u00e8re des conditions g\u00e9n\u00e9rales d\u2019utilisation d\u00e9crites ci-apr\u00e8s. Ces conditions d\u2019utilisation sont susceptibles d\u2019\u00eatre modifi\u00e9es ou compl\u00e9t\u00e9es \u00e0 tout moment. INFORMATIONS Les [&hellip;]","og_url":"https:\/\/topyfans.com\/pt\/endossos\/","og_site_name":"Swame Avis","article_modified_time":"2023-02-21T14:12:39+00:00","twitter_card":"summary_large_image","twitter_misc":{"Tempo estimado de leitura":"3 minutos"},"schema":{"@context":"https:\/\/schema.org","@graph":[{"@type":"WebPage","@id":"https:\/\/topyfans.com\/mentions-legales\/","url":"https:\/\/topyfans.com\/mentions-legales\/","name":"Aviso legal - Swame Avis","isPartOf":{"@id":"https:\/\/topyfans.com\/#website"},"datePublished":"2023-02-14T08:11:22+00:00","dateModified":"2023-02-21T14:12:39+00:00","breadcrumb":{"@id":"https:\/\/topyfans.com\/mentions-legales\/#breadcrumb"},"inLanguage":"pt-PT","potentialAction":[{"@type":"ReadAction","target":["https:\/\/topyfans.com\/mentions-legales\/"]}]},{"@type":"BreadcrumbList","@id":"https:\/\/topyfans.com\/mentions-legales\/#breadcrumb","itemListElement":[{"@type":"ListItem","position":1,"name":"Accueil","item":"https:\/\/topyfans.com\/"},{"@type":"ListItem","position":2,"name":"Mentions l\u00e9gales"}]},{"@type":"WebSite","@id":"https:\/\/topyfans.com\/#website","url":"https:\/\/topyfans.com\/","name":"Swame Avis","description":"","publisher":{"@id":"https:\/\/topyfans.com\/#organization"},"potentialAction":[{"@type":"SearchAction","target":{"@type":"EntryPoint","urlTemplate":"https:\/\/topyfans.com\/?s={search_term_string}"},"query-input":{"@type":"PropertyValueSpecification","valueRequired":true,"valueName":"search_term_string"}}],"inLanguage":"pt-PT"},{"@type":"Organization","@id":"https:\/\/topyfans.com\/#organization","name":"Swame Avis","url":"https:\/\/topyfans.com\/","logo":{"@type":"ImageObject","inLanguage":"pt-PT","@id":"https:\/\/topyfans.com\/#\/schema\/logo\/image\/","url":"https:\/\/topyfans.com\/wp-content\/uploads\/2024\/06\/logo-1.jpg","contentUrl":"https:\/\/topyfans.com\/wp-content\/uploads\/2024\/06\/logo-1.jpg","width":317,"height":48,"caption":"Swame Avis"},"image":{"@id":"https:\/\/topyfans.com\/#\/schema\/logo\/image\/"}}]}},"_links":{"self":[{"href":"https:\/\/topyfans.com\/pt\/wp-json\/wp\/v2\/pages\/464","targetHints":{"allow":["GET"]}}],"collection":[{"href":"https:\/\/topyfans.com\/pt\/wp-json\/wp\/v2\/pages"}],"about":[{"href":"https:\/\/topyfans.com\/pt\/wp-json\/wp\/v2\/types\/page"}],"author":[{"embeddable":true,"href":"https:\/\/topyfans.com\/pt\/wp-json\/wp\/v2\/users\/1"}],"replies":[{"embeddable":true,"href":"https:\/\/topyfans.com\/pt\/wp-json\/wp\/v2\/comments?post=464"}],"version-history":[{"count":2,"href":"https:\/\/topyfans.com\/pt\/wp-json\/wp\/v2\/pages\/464\/revisions"}],"predecessor-version":[{"id":469,"href":"https:\/\/topyfans.com\/pt\/wp-json\/wp\/v2\/pages\/464\/revisions\/469"}],"wp:attachment":[{"href":"https:\/\/topyfans.com\/pt\/wp-json\/wp\/v2\/media?parent=464"}],"curies":[{"name":"wp","href":"https:\/\/api.w.org\/{rel}","templated":true}]}}